{"id":24,"date":"2020-05-25T09:16:02","date_gmt":"2020-05-25T09:16:02","guid":{"rendered":"http:\/\/kug-forst.de\/?page_id=24"},"modified":"2020-09-26T15:37:06","modified_gmt":"2020-09-26T15:37:06","slug":"synthesegasanlagen","status":"publish","type":"page","link":"http:\/\/kug-forst.de\/?page_id=24","title":{"rendered":"Synthesegasanlagen"},"content":{"rendered":"\n<figure class=\"wp-block-image\"><img decoding=\"async\" loading=\"lazy\" width=\"892\" height=\"599\" src=\"http:\/\/kug-forst.de\/wp-content\/uploads\/2020\/09\/54.jpg\" alt=\"\" class=\"wp-image-76\" srcset=\"http:\/\/kug-forst.de\/wp-content\/uploads\/2020\/09\/54.jpg 892w, http:\/\/kug-forst.de\/wp-content\/uploads\/2020\/09\/54-300x201.jpg 300w, http:\/\/kug-forst.de\/wp-content\/uploads\/2020\/09\/54-768x516.jpg 768w\" sizes=\"(max-width: 892px) 100vw, 892px\" \/><\/figure>\n\n\n\n<p>Das Synthesegasverfahren dient der thermischen Verwertung von Biomasse und Abf\u00e4llen. Das hergestellte Synthesegas mit einem hohen Heizwert kann sowohl f\u00fcr die\u00a0 Verstromung in Gasmotoren bzw. Turbinen als auch zur Erzeugung von Proze\u00dfw\u00e4rme eingesetzt werden.<\/p>\n\n\n\n<p>Der Betrieb von\nSynthesegasanlagen zielt auf zwei sich dynamisch entwickelnde Wirtschafts\u00adzweige\nab: Die dezentrale Erzeugung hochwertiger Energie\u00adtr\u00e4gern und die Entsorgung\nvon Abf\u00e4llen.<\/p>\n\n\n\n<p>In Europa hat\nErdgas seit langem eine energiewirtschaftlich zentrale Bedeutung. Diese\nSchl\u00fcsselposition wird es zuk\u00fcnftig noch weiter ausbauen. Der Preis f\u00fcr Erdgas\nin den vergangenen Jahren deutlich gestiegen. Der Verbrauch und damit die\nNachfrage wachsen weltweit weiter. <\/p>\n\n\n\n<p>Au\u00dfer dem\nunmittelbaren Preisniveau bedeutet die Vielzahl der Parameter, die den\nErdgaspreis bestimmen, ein erhebliches unternehmerisches Risiko f\u00fcr\nerdgasabh\u00e4ngige Unternehmen und Industrien. F\u00fcr Unternehmen mit einem sehr\nhohen Bedarf an Erdgas wird aus den genannten Gr\u00fcnden eine Substitution immer\ninteressanter. <\/p>\n\n\n\n<p>Die in der Synthesegasanlage erzeugten Produkte senken\nAbh\u00e4ngigkeiten und Risiken f\u00fcr den Abnehmer und k\u00f6nnen deutlich preiswerter als\nErdgas und Koks angeboten werden. <\/p>\n\n\n\n<p>Die hergestellten Produkte sind auch f\u00fcr den Einsatz in\nKraftwerken zur Umwandlung in elektrische Energie geeignet.<\/p>\n\n\n\n<p>Alternativ zur Verwertung von Abf\u00e4llen k\u00f6nnen\nSynthesegasanlagen zur Herstellung von Energietr\u00e4gern aus regenerativen\nRohstoffen eingesetzt werden. <\/p>\n\n\n\n<p>In den meisten europ\u00e4ischen L\u00e4ndern ist eine thermische Behandlung der anfallenden Abf\u00e4lle sowohl aufgrund wirtschaftlicher Gesichtspunkte als auch aufgrund rechtlicher Anforderungen unerl\u00e4\u00dflich. In diesem Zusammenhang ist der Bedarf an Verwertungskapazit\u00e4t erheblich gestiegen.  <\/p>\n\n\n\n<p>Gegen\u00fcber konkurrierenden Verwertungstechnologien zeichnet sich die Synthesegasanlage durch ein besseres Preis-Leistungsverh\u00e4ltnis und die M\u00f6glichkeit aus, dezentrale Verwertungs\u00adkapazit\u00e4ten zu realisieren. Auch durch die hohe Qualit\u00e4t der hergestellten Produkte sowie die geringen Betriebskosten setzt sich die Technologie vorteilhaft gegen\u00fcber Wettbewerbern ab.<\/p>\n\n\n\n<p><strong>Dezentrale Standorte<\/strong><\/p>\n\n\n\n<p>Die Synthesegasanlage ist auf die\nAnforderungen der Entsorgungs- und Energiewirtschaft abgestimmt. <\/p>\n\n\n\n<p>Die\nSynthesegasanlagen sind auf Verwertungs\u00adkapazit\u00e4ten von 25 bis 100 kt\/a\nDurchsatz optimiert. Sie orientieren sich damit an den Anforderungen\nmittelst\u00e4ndischer oder kommunaler Unternehmen. Sie macht Investoren und\nBetreiber standortun\u00adabh\u00e4ngiger und er\u00f6ffnet insbesondere die M\u00f6glichkeit einer\nOrientierung auf Anlagenstandorte in der N\u00e4he von Materiallieferanten und\nEnergieverbrauchern. Im Ergebnis k\u00f6nnen h\u00f6here Erl\u00f6se f\u00fcr die Produkte erzielt\nsowie der Aufwand f\u00fcr die Logistik deutlich reduziert und damit insgesamt eine\nh\u00f6here Wirtschaftlichkeit und ein Wettbewerbsvorteil erreicht werden.<\/p>\n\n\n\n<p><strong>Hochwertige Produkte<\/strong><\/p>\n\n\n\n<p>In der Synthesegasanlage werden ein erdgas\u00e4hnliches, schadstoffarmes Produktgas sowie Koks erzeugt. <\/p>\n\n\n\n<p>Ein zentraler\nVorteil des Synthesegasverfahrens besteht darin, &nbsp;da\u00df kein Armgas, sondern ein\nhochkalorisches Synthesegas hergestellt wird. Diese sind f\u00fcr die Verstromung in\nGasmotoren oder Turbinen oder den Betrieb von Brennersystemen zur Erzeugung von\nProze\u00dfw\u00e4rme und Dampferzeugung mittels Standard\u00adaggregaten geeignet. Damit ist\nein Einsatz anstelle von Erdgas f\u00fcr alle wesentlichen Anwendungen m\u00f6glich. <\/p>\n\n\n\n<p><strong>Breites Spektrum an Einsatzstoffen<\/strong><\/p>\n\n\n\n<p>Die Synthesegasanlage weist eine\nhohe Flexibilit\u00e4t gegen\u00fcber der Art und Eigenschaften der Einsatzstoffe auf. <\/p>\n\n\n\n<p>Viele Verfahren\nfokussieren auf ein enges Spektrum an Einsatzmaterialien oder stellen hohe\nAnforderungen an diese Materialien: Etwa der Boom bei Holzverbrennungsanlagen\nund die&nbsp; sich in der Folge einstellende\nVerknappung&nbsp; und damit einhergehende\nVerteuerung von Holz hat dazu gef\u00fchrt, da\u00df sich hierdurch an einigen Standorten\ndie Wirtschaftlichkeit von Anlagen reduziert hat. <\/p>\n\n\n\n<p>In einer Synthesegasanlage kann\nein breites Spektrum an Biomasse und Abf\u00e4llen einsetzt werden. Sie ist damit\ndeutlich weniger abh\u00e4ngig von Entwicklungen auf einzelnen Marktsegmenten und\nschafft so Investitionssicherheit. <\/p>\n\n\n\n<p>Aufgrund einer Reihe von\nVerfahrensmerkmalen ist die Anlage deutlich weniger empfindlich&nbsp; gegen\u00fcber Schwankungen der\nMaterialeigenschaften wie Heizwert, Feuchte und Korngr\u00f6\u00dfe. Damit ergeben sich\ngeringe Anforderungen an die vorausgehende Materialaufbereitung, was sich\nwiederum in einer Verbesserung der Wirtschaftlichkeit niederschl\u00e4gt. <\/p>\n\n\n\n<p><strong>Hohe Wirtschaftlichkeit<\/strong><\/p>\n\n\n\n<p>Die Synthesegasanlage erreicht\neine h\u00f6here Wirtschaftlichkeit als konkurrierende Konzepte. <\/p>\n\n\n\n<p>In der\nSynthesegasanlage werden mit hohem Wirkungsgrad Energietr\u00e4ger erzeugt, die als\nErsatz von Erdgas eingesetzt werden k\u00f6nnen. Entsprechend werden hohe Einnahmen\ngeneriert. Eine Tendenz, die sich mit der mittelfristig erwarteten deutlichen\nSteigerung des Marktpreises f\u00fcr Erdgas erheblich verst\u00e4rken wird.<\/p>\n\n\n\n<p>Andererseits erreichen geringere\nInvestitions- und Betriebskosten eine Reduzierung der Kosten gegen\u00fcber\nkonkurrierenden Verfahren.<\/p>\n\n\n\n<p><strong>Vorteilhaftes Umweltverhalten<\/strong><\/p>\n\n\n\n<p>Die Synthesegasanlage erreicht\neine bessere Umweltvertr\u00e4glichkeit als konkurrierende Konzepte. <\/p>\n\n\n\n<p>Bei Einsatz von\nregenerativen Eingangsstoffen in der Synthesegasanlage k\u00f6nnen fossile\nEnergietr\u00e4ger substituiert werden. Im Ergebnis wird eine Reduzierung des CO<sub>2<\/sub>-Ausstosses\nerreicht. <\/p>\n\n\n\n<p>Bei Einsatz von Abf\u00e4llen ist in\nder Regel von einem Anteil von Stoffen, die ihrerseits auf der Basis von\nfossilen Rohstoffen hergestellt wurden, auszugehen. Die Synthesegasanlage\nerreicht einen sehr hohen Wirkungsgrad, so da\u00df bei einer Verwertung von\nStoffen, die nicht mehr in den Stoffkreislauf zur\u00fcckgef\u00fchrt werden k\u00f6nnen, von\neiner sehr guten energetischen Verwertung ausgegangen werden kann. Im Ergebnis\nkann wiederum der Einsatz von Prim\u00e4renergie verringert werden. <\/p>\n\n\n\n<p>Dezentrale\nAnlagen reduzieren den Transport von Einsatzstoffen und erreichen somit eine\nVerringerung der Umweltauswirkungen.<\/p>\n\n\n\n<p>Biomasse,\ninsbesondere aber Abf\u00e4lle, enthalten Schadstoffe. Die in das Verfahren\nintegrierte Reinigung des Produktgases erreicht eine sehr wirksame Abscheidung\ndieser Stoffe aus dem Produktgas. Es wird so eine Emission dieser Stoffe\ndeutlich reduziert. <\/p>\n\n\n\n<p><\/p>\n\n\n\n<p><\/p>\n","protected":false},"excerpt":{"rendered":"<p>Das Synthesegasverfahren dient der thermischen Verwertung von Biomasse und Abf\u00e4llen. Das hergestellte Synthesegas mit einem hohen Heizwert kann sowohl f\u00fcr die\u00a0 Verstromung in Gasmotoren bzw. Turbinen als auch zur Erzeugung von Proze\u00dfw\u00e4rme eingesetzt werden. Der Betrieb von Synthesegasanlagen zielt auf zwei sich dynamisch entwickelnde Wirtschafts\u00adzweige ab: Die dezentrale Erzeugung hochwertiger Energie\u00adtr\u00e4gern und die Entsorgung von [&hellip;]<\/p>\n","protected":false},"author":1,"featured_media":0,"parent":0,"menu_order":0,"comment_status":"closed","ping_status":"closed","template":"","meta":[],"_links":{"self":[{"href":"http:\/\/kug-forst.de\/index.php?rest_route=\/wp\/v2\/pages\/24"}],"collection":[{"href":"http:\/\/kug-forst.de\/index.php?rest_route=\/wp\/v2\/pages"}],"about":[{"href":"http:\/\/kug-forst.de\/index.php?rest_route=\/wp\/v2\/types\/page"}],"author":[{"embeddable":true,"href":"http:\/\/kug-forst.de\/index.php?rest_route=\/wp\/v2\/users\/1"}],"replies":[{"embeddable":true,"href":"http:\/\/kug-forst.de\/index.php?rest_route=%2Fwp%2Fv2%2Fcomments&post=24"}],"version-history":[{"count":5,"href":"http:\/\/kug-forst.de\/index.php?rest_route=\/wp\/v2\/pages\/24\/revisions"}],"predecessor-version":[{"id":85,"href":"http:\/\/kug-forst.de\/index.php?rest_route=\/wp\/v2\/pages\/24\/revisions\/85"}],"wp:attachment":[{"href":"http:\/\/kug-forst.de\/index.php?rest_route=%2Fwp%2Fv2%2Fmedia&parent=24"}],"curies":[{"name":"wp","href":"https:\/\/api.w.org\/{rel}","templated":true}]}}